{"id":1078,"date":"2021-08-12T08:45:03","date_gmt":"2021-08-12T08:45:03","guid":{"rendered":"https:\/\/topfellshop.com\/?page_id=3"},"modified":"2025-05-08T23:57:48","modified_gmt":"2025-05-09T04:57:48","slug":"terminos-y-condiciones","status":"publish","type":"page","link":"https:\/\/topfellshop.com\/index.php\/terminos-y-condiciones\/","title":{"rendered":"T\u00c9RMINOS Y CONDICIONES"},"content":{"rendered":"\t\t<div data-elementor-type=\"wp-page\" data-elementor-id=\"1078\" class=\"elementor elementor-1078\" data-elementor-post-type=\"page\">\n\t\t\t\t<div class=\"elementor-element elementor-element-437f2911 e-flex e-con-boxed e-con e-parent\" data-id=\"437f2911\" data-element_type=\"container\">\n\t\t\t\t\t<div class=\"e-con-inner\">\n\t\t\t\t<div class=\"elementor-element elementor-element-b462e69 elementor-widget elementor-widget-text-editor\" data-id=\"b462e69\" data-element_type=\"widget\" data-widget_type=\"text-editor.default\">\n\t\t\t\t<div class=\"elementor-widget-container\">\n\t\t\t\t\t\t\t\t\t<p>Bienvenido a TopFell Makeup<br>Al acceder y utilizar nuestro sitio web www.topfellshopl.com, aceptas los t\u00e9rminos y condiciones establecidos a continuaci\u00f3n. Por favor, l\u00e9elos detenidamente antes de realizar cualquier compra o interactuar con nuestra plataforma.<br>CONDICIONES GENERALES<br>\u25cf Para utilizar nuestro sitio web y realizar compras, debes ser mayor de 18 a\u00f1os o contar con el consentimiento de tus padres o tutores legales.<br>\u25cf Los productos ofrecidos est\u00e1n dise\u00f1ados para el uso personal y no deben ser revendidos sin autorizaci\u00f3n previa por escrito de Topfell makeup.<br>COMPRAS<br>\u25cf Puedes explorar nuestra tienda en l\u00ednea sin necesidad de registrarte. Sin embargo, para realizar una compra efectiva, es obligatorio llenar los formularios solicitados y aceptar nuestras pol\u00edticas de privacidad.<br>\u25cf Al finalizar la compra, recibir\u00e1s un correo de confirmaci\u00f3n con los detalles de tu pedido. Aseg\u00farate de proporcionar informaci\u00f3n correcta para evitar problemas con la entrega.<br>OFERTAS Y PRECIOS<br>\u25cf Los precios y ofertas disponibles en www.topfellshop.com est\u00e1n sujetos a cambios sin previo aviso.<br>\u25cf Las promociones ser\u00e1n v\u00e1lidas \u00fanicamente durante el periodo anunciado o hasta agotar existencias.<br>\u25cf Los precios incluyen impuestos aplicables seg\u00fan la legislaci\u00f3n local, pero no incluyen costos de env\u00edo, que se calculan al momento de finalizar la compra.<br>MEDIOS DE PAGO<br>\u25cf Aceptamos pagos a trav\u00e9s de tarjetas de cr\u00e9dito y d\u00e9bito, transferencias bancarias, y plataformas de pago como Paypal , PSE , etc.<br>\u25cf Los pagos se procesan de forma segura siguiendo las normativas de seguridad de datos.<br>\u25cf En caso de inconvenientes con tu pago, puedes contactarnos a trav\u00e9s de correo electr\u00f3nico ( support@topfellshop.com) o n\u00famero de atenci\u00f3n al cliente ( +1 305 645 6507 &#8211; +57 311 419 2600 )<br>POL\u00cdTICAS DE ENV\u00cdO<br>\u25cf Los pedidos ser\u00e1n despachados dentro de 5 d\u00edas h\u00e1biles despu\u00e9s de confirmar el pago.<br>\u25cf Trabajamos con empresas transportadoras certificadas para garantizar la entrega de tus productos.<\/p>\n<p>\u25cf Los tiempos de entrega var\u00edan seg\u00fan la ubicaci\u00f3n, y recibir\u00e1s un n\u00famero de seguimiento una vez que tu pedido sea enviado.<br>RETRACTOS, DEVOLUCIONES Y GARANT\u00cdAS<br>Retracto<br>\u25cf Puedes cancelar tu compra dentro de los primeros cinco (5) d\u00edas h\u00e1biles posteriores a la recepci\u00f3n del producto, siempre que el art\u00edculo est\u00e9 sin uso, en su empaque original y con las etiquetas intactas.<br>\u25cf El cliente asumir\u00e1 el costo del env\u00edo para devolver el producto.<br>Devoluciones<br>\u25cf Se aceptan devoluciones en caso de recibir un producto incorrecto o defectuoso.<br>Debes notificarlo dentro de los primeros 5 d\u00edas h\u00e1biles despu\u00e9s de la entrega.<br>\u25cf En caso de devoluci\u00f3n, el producto debe estar sin uso y en perfectas condiciones.<br>Garant\u00eda<br>\u25cf Los productos de maquillaje cuentan con una garant\u00eda de calidad por defectos de fabricaci\u00f3n.<br>\u25cf No se aplicar\u00e1 garant\u00eda si el producto muestra se\u00f1ales de mal uso o manipulaci\u00f3n incorrecta.<br>POL\u00cdTICA DE PRIVACIDAD<br>Al utilizar nuestro sitio web, aceptas que recopilemos, almacenemos y tratemos tus datos personales conforme a la Ley 1581 de 2012.<br>\u25cf Los datos recopilados ser\u00e1n utilizados \u00fanicamente para procesar tus pedidos, enviarte promociones y mejorar tu experiencia en nuestra plataforma.<br>\u25cf Puedes solicitar la eliminaci\u00f3n de tus datos escribi\u00e9ndonos a<br>support@topfellshop.com<br>PROMOCIONES Y EVENTOS COMERCIALES<br>\u25cf Las promociones y descuentos especiales ser\u00e1n anunciados a trav\u00e9s de nuestros canales oficiales, incluyendo correo electr\u00f3nico, redes sociales y nuestro sitio web.<br>\u25cf Algunos productos pueden estar excluidos de las promociones seg\u00fan lo indicado en los t\u00e9rminos espec\u00edficos de cada campa\u00f1a.<br>PROPIEDAD INTELECTUAL<br>\u25cf Todo el contenido de www.topfellshop.com, incluyendo im\u00e1genes, textos, logos y dise\u00f1os, es propiedad de Topfell makeup y est\u00e1 protegido por leyes de propiedad intelectual. Queda estrictamente prohibido reproducir, distribuir o utilizar este contenido sin autorizaci\u00f3n previa.<br>CONTACTO<\/p>\n<p>Si tienes dudas o necesitas ayuda, puedes contactarnos a trav\u00e9s de:<br>\u25cf Correo electr\u00f3nico: support@topfellshop.com<br>\u25cf Tel\u00e9fono: +57 3114192600 +1 3056456507<br>\u25cf Horario de atenci\u00f3n: Lunes a viernes, de 9:00 a.m. a 5:00 p.m.<br>ACTUALIZACIONES DE LOS T\u00c9RMINOS Y CONDICIONES<br>Nos reservamos el derecho de actualizar estos t\u00e9rminos y condiciones en cualquier momento. Las modificaciones ser\u00e1n publicadas en esta p\u00e1gina y entrar\u00e1n en vigor inmediatamente despu\u00e9s de su publicaci\u00f3n.<br>Gracias por elegir Topfell makeup.<\/p>\t\t\t\t\t\t\t\t<\/div>\n\t\t\t\t<\/div>\n\t\t\t\t\t<\/div>\n\t\t\t\t<\/div>\n\t\t\t\t<\/div>\n\t\t","protected":false},"excerpt":{"rendered":"<p>Bienvenido a TopFell MakeupAl acceder y utilizar nuestro sitio web www.topfellshopl.com, aceptas los t\u00e9rminos y condiciones establecidos a continuaci\u00f3n. Por favor, l\u00e9elos detenidamente antes de realizar<span class=\"excerpt-hellip\"> [\u2026]<\/span><\/p>\n","protected":false},"author":1,"featured_media":0,"parent":0,"menu_order":0,"comment_status":"open","ping_status":"open","template":"","meta":{"footnotes":""},"class_list":["post-1078","page","type-page","status-publish","hentry"],"_links":{"self":[{"href":"https:\/\/topfellshop.com\/index.php\/wp-json\/wp\/v2\/pages\/1078","targetHints":{"allow":["GET"]}}],"collection":[{"href":"https:\/\/topfellshop.com\/index.php\/wp-json\/wp\/v2\/pages"}],"about":[{"href":"https:\/\/topfellshop.com\/index.php\/wp-json\/wp\/v2\/types\/page"}],"author":[{"embeddable":true,"href":"https:\/\/topfellshop.com\/index.php\/wp-json\/wp\/v2\/users\/1"}],"replies":[{"embeddable":true,"href":"https:\/\/topfellshop.com\/index.php\/wp-json\/wp\/v2\/comments?post=1078"}],"version-history":[{"count":4,"href":"https:\/\/topfellshop.com\/index.php\/wp-json\/wp\/v2\/pages\/1078\/revisions"}],"predecessor-version":[{"id":1739,"href":"https:\/\/topfellshop.com\/index.php\/wp-json\/wp\/v2\/pages\/1078\/revisions\/1739"}],"wp:attachment":[{"href":"https:\/\/topfellshop.com\/index.php\/wp-json\/wp\/v2\/media?parent=1078"}],"curies":[{"name":"wp","href":"https:\/\/api.w.org\/{rel}","templated":true}]}}