{"id":1542,"date":"2025-04-28T22:06:17","date_gmt":"2025-04-29T03:06:17","guid":{"rendered":"https:\/\/topfellshop.com\/?post_type=product&#038;p=1542"},"modified":"2025-05-15T21:54:59","modified_gmt":"2025-05-16T02:54:59","slug":"rubor-cremoso-en-barra","status":"publish","type":"product","link":"https:\/\/topfellshop.com\/index.php\/producto\/rubor-cremoso-en-barra\/","title":{"rendered":"Rubor Cremoso en Barra"},"content":{"rendered":"","protected":false},"excerpt":{"rendered":"<p style=\"text-align: left;\">Descubre la facilidad y versatilidad del Rubor Cremoso en Barra, dise\u00f1ado para darle a tus mejillas un toque de color natural y radiante en segundos. Su f\u00f3rmula ligera y cremosa se desliza suavemente sobre la piel, permitiendo una aplicaci\u00f3n f\u00e1cil y sin esfuerzo, incluso cuando est\u00e1s en movimiento.<\/p>\n","protected":false},"featured_media":1549,"comment_status":"open","ping_status":"closed","template":"","meta":[],"product_brand":[],"product_cat":[148],"product_tag":[],"class_list":{"0":"post-1542","1":"product","2":"type-product","3":"status-publish","4":"has-post-thumbnail","6":"product_cat-maquillaje","7":"pa_color-soft-coral","8":"pa_color-natural-pink","9":"pa_color-dusty-rose","10":"pa_color-raspberry","12":"first","13":"instock","14":"taxable","15":"shipping-taxable","16":"purchasable","17":"product-type-variable"},"_links":{"self":[{"href":"https:\/\/topfellshop.com\/index.php\/wp-json\/wp\/v2\/product\/1542","targetHints":{"allow":["GET"]}}],"collection":[{"href":"https:\/\/topfellshop.com\/index.php\/wp-json\/wp\/v2\/product"}],"about":[{"href":"https:\/\/topfellshop.com\/index.php\/wp-json\/wp\/v2\/types\/product"}],"replies":[{"embeddable":true,"href":"https:\/\/topfellshop.com\/index.php\/wp-json\/wp\/v2\/comments?post=1542"}],"version-history":[{"count":4,"href":"https:\/\/topfellshop.com\/index.php\/wp-json\/wp\/v2\/product\/1542\/revisions"}],"predecessor-version":[{"id":1581,"href":"https:\/\/topfellshop.com\/index.php\/wp-json\/wp\/v2\/product\/1542\/revisions\/1581"}],"wp:featuredmedia":[{"embeddable":true,"href":"https:\/\/topfellshop.com\/index.php\/wp-json\/wp\/v2\/media\/1549"}],"wp:attachment":[{"href":"https:\/\/topfellshop.com\/index.php\/wp-json\/wp\/v2\/media?parent=1542"}],"wp:term":[{"taxonomy":"product_brand","embeddable":true,"href":"https:\/\/topfellshop.com\/index.php\/wp-json\/wp\/v2\/product_brand?post=1542"},{"taxonomy":"product_cat","embeddable":true,"href":"https:\/\/topfellshop.com\/index.php\/wp-json\/wp\/v2\/product_cat?post=1542"},{"taxonomy":"product_tag","embeddable":true,"href":"https:\/\/topfellshop.com\/index.php\/wp-json\/wp\/v2\/product_tag?post=1542"}],"curies":[{"name":"wp","href":"https:\/\/api.w.org\/{rel}","templated":true}]}}