{"id":1582,"date":"2025-04-28T22:27:11","date_gmt":"2025-04-29T03:27:11","guid":{"rendered":"https:\/\/topfellshop.com\/?post_type=product&#038;p=1582"},"modified":"2025-05-15T21:56:17","modified_gmt":"2025-05-16T02:56:17","slug":"corrector-liquido-para-ojeras","status":"publish","type":"product","link":"https:\/\/topfellshop.com\/index.php\/producto\/corrector-liquido-para-ojeras\/","title":{"rendered":"Corrector Liquido para Ojeras"},"content":{"rendered":"","protected":false},"excerpt":{"rendered":"<p><strong>Corrector L\u00edquido de Alta Cobertura<\/strong><\/p>\n<p style=\"text-align: left;\">Dile adi\u00f3s a las imperfecciones con nuestro Corrector L\u00edquido. Su f\u00f3rmula ligera y de alta cobertura difumina ojeras, manchas y rojeces al instante, dejando un acabado natural y uniforme. Ideal para todo tipo de piel y perfecto para usar a diario.<\/p>\n","protected":false},"featured_media":1583,"comment_status":"open","ping_status":"closed","template":"","meta":[],"product_brand":[],"product_cat":[148],"product_tag":[],"class_list":{"0":"post-1582","1":"product","2":"type-product","3":"status-publish","4":"has-post-thumbnail","6":"product_cat-maquillaje","7":"pa_color-rich-truffle","8":"pa_color-skin-peach","9":"pa_color-skin-tan","10":"pa_color-truffle","11":"pa_color-honey-dew","13":"first","14":"instock","15":"taxable","16":"shipping-taxable","17":"purchasable","18":"product-type-variable"},"_links":{"self":[{"href":"https:\/\/topfellshop.com\/index.php\/wp-json\/wp\/v2\/product\/1582","targetHints":{"allow":["GET"]}}],"collection":[{"href":"https:\/\/topfellshop.com\/index.php\/wp-json\/wp\/v2\/product"}],"about":[{"href":"https:\/\/topfellshop.com\/index.php\/wp-json\/wp\/v2\/types\/product"}],"replies":[{"embeddable":true,"href":"https:\/\/topfellshop.com\/index.php\/wp-json\/wp\/v2\/comments?post=1582"}],"version-history":[{"count":2,"href":"https:\/\/topfellshop.com\/index.php\/wp-json\/wp\/v2\/product\/1582\/revisions"}],"predecessor-version":[{"id":1595,"href":"https:\/\/topfellshop.com\/index.php\/wp-json\/wp\/v2\/product\/1582\/revisions\/1595"}],"wp:featuredmedia":[{"embeddable":true,"href":"https:\/\/topfellshop.com\/index.php\/wp-json\/wp\/v2\/media\/1583"}],"wp:attachment":[{"href":"https:\/\/topfellshop.com\/index.php\/wp-json\/wp\/v2\/media?parent=1582"}],"wp:term":[{"taxonomy":"product_brand","embeddable":true,"href":"https:\/\/topfellshop.com\/index.php\/wp-json\/wp\/v2\/product_brand?post=1582"},{"taxonomy":"product_cat","embeddable":true,"href":"https:\/\/topfellshop.com\/index.php\/wp-json\/wp\/v2\/product_cat?post=1582"},{"taxonomy":"product_tag","embeddable":true,"href":"https:\/\/topfellshop.com\/index.php\/wp-json\/wp\/v2\/product_tag?post=1582"}],"curies":[{"name":"wp","href":"https:\/\/api.w.org\/{rel}","templated":true}]}}