{"id":1646,"date":"2025-04-28T22:59:28","date_gmt":"2025-04-29T03:59:28","guid":{"rendered":"https:\/\/topfellshop.com\/?post_type=product&#038;p=1646"},"modified":"2025-06-11T19:34:01","modified_gmt":"2025-06-12T00:34:01","slug":"beauty-blender-caja-x-8","status":"publish","type":"product","link":"https:\/\/topfellshop.com\/index.php\/producto\/beauty-blender-caja-x-8\/","title":{"rendered":"Beauty Blender Caja x (8)"},"content":{"rendered":"","protected":false},"excerpt":{"rendered":"<p>Consigue una aplicaci\u00f3n impecable con nuestra Makeup Sponge. Su dise\u00f1o suave y flexible se adapta perfectamente a las curvas de tu rostro, permitiendo una distribuci\u00f3n uniforme del maquillaje, ya sea l\u00edquido, en crema o en polvo. Con una textura que no absorbe el producto, asegura un acabado suave, natural y sin marcas. Ideal para lograr un look perfecto, sin esfuerzo, tanto en tu rutina diaria como en ocasiones especiales.<\/p>\n","protected":false},"featured_media":2096,"comment_status":"open","ping_status":"closed","template":"","meta":[],"product_brand":[],"product_cat":[149],"product_tag":[],"class_list":{"0":"post-1646","1":"product","2":"type-product","3":"status-publish","4":"has-post-thumbnail","6":"product_cat-accesorios","8":"first","9":"instock","10":"taxable","11":"shipping-taxable","12":"purchasable","13":"product-type-simple"},"_links":{"self":[{"href":"https:\/\/topfellshop.com\/index.php\/wp-json\/wp\/v2\/product\/1646","targetHints":{"allow":["GET"]}}],"collection":[{"href":"https:\/\/topfellshop.com\/index.php\/wp-json\/wp\/v2\/product"}],"about":[{"href":"https:\/\/topfellshop.com\/index.php\/wp-json\/wp\/v2\/types\/product"}],"replies":[{"embeddable":true,"href":"https:\/\/topfellshop.com\/index.php\/wp-json\/wp\/v2\/comments?post=1646"}],"version-history":[{"count":2,"href":"https:\/\/topfellshop.com\/index.php\/wp-json\/wp\/v2\/product\/1646\/revisions"}],"predecessor-version":[{"id":1786,"href":"https:\/\/topfellshop.com\/index.php\/wp-json\/wp\/v2\/product\/1646\/revisions\/1786"}],"wp:featuredmedia":[{"embeddable":true,"href":"https:\/\/topfellshop.com\/index.php\/wp-json\/wp\/v2\/media\/2096"}],"wp:attachment":[{"href":"https:\/\/topfellshop.com\/index.php\/wp-json\/wp\/v2\/media?parent=1646"}],"wp:term":[{"taxonomy":"product_brand","embeddable":true,"href":"https:\/\/topfellshop.com\/index.php\/wp-json\/wp\/v2\/product_brand?post=1646"},{"taxonomy":"product_cat","embeddable":true,"href":"https:\/\/topfellshop.com\/index.php\/wp-json\/wp\/v2\/product_cat?post=1646"},{"taxonomy":"product_tag","embeddable":true,"href":"https:\/\/topfellshop.com\/index.php\/wp-json\/wp\/v2\/product_tag?post=1646"}],"curies":[{"name":"wp","href":"https:\/\/api.w.org\/{rel}","templated":true}]}}